{"id":13525,"date":"2020-05-16T01:06:07","date_gmt":"2020-05-16T01:06:07","guid":{"rendered":"https:\/\/renacimientomadrid.com\/?page_id=13525"},"modified":"2022-02-09T16:25:05","modified_gmt":"2022-02-09T16:25:05","slug":"financiacion","status":"publish","type":"page","link":"https:\/\/renacimientomadrid.com\/en\/financiacion","title":{"rendered":"Financiaci\u00f3n"},"content":{"rendered":"<div class=\"wpb-content-wrapper\"><div class=\"vc_row wpb_row vc_row-fluid thsn-row thsn-bg-color-yes thsn-bg-color-transparent thsn-zindex-zero\">\r\n\t\t\t<div class=\"wpb_column vc_column_container vc_col-sm-12 thsn-column thsn-bg-color-yes thsn-bg-color-transparent thsn-zindex-zero\">\r\n\t<div class=\"vc_column-inner\">\r\n\t\t\t<div class=\"wpb_wrapper\">\r\n\t\t\t<div class=\"vc_empty_space\"   style=\"height: 177px\"><span class=\"vc_empty_space_inner\"><\/span><\/div>\t\t<\/div>\r\n\t<\/div>\r\n<\/div>\r\n<\/div>\r\n<div data-vc-full-width=\"true\" data-vc-full-width-init=\"false\" class=\"vc_row wpb_row vc_row-fluid thsn-overflow-visible vc_custom_1563271081309 thsn-row thsn-bg-color-yes thsn-bg-color-transparent thsn-zindex-2\">\r\n\t\t\t<div class=\"wpb_column vc_column_container vc_col-sm-5 thsn-column thsn-bg-color-yes thsn-bg-color-transparent thsn-zindex-zero\">\r\n\t<div class=\"vc_column-inner vc_custom_1563604882799\">\r\n\t\t\t<div class=\"wpb_wrapper\">\r\n\t\t\t<h3 style=\"text-align: left\" class=\"vc_custom_heading vc_do_custom_heading vc_custom_1589588760833\" >Informaci\u00f3n de la Cl\u00ednica Renacimiento<\/h3><div  class=\"thsn-ihbox thsn-ihbox-style-8  vc_custom_1589588809950\" >\r\n\t<div class=\"thsn-ihbox-box\">\r\n\t\t\t<div class=\"thsn-ihbox-headingicon d-flex align-items-center\">\r\n\t\t\t\t<div class=\"thsn-ihbox-icon\"><div class=\"thsn-ihbox-icon-wrapper\"><i class=\"thsn-dentiq-icon thsn-dentiq-icon-placeholder-1\"><\/i><\/div><\/div>\t\t\t\t<div class=\"thsn-heading\">\r\n\t\t\t\t\t<div class=\"thsn-ihbox-heading\"><\/div>\t\t\t\t\t\t\t\t\t<\/div>\r\n\t\t\t<\/div>\r\n\t\t\t<div class=\"thsn-ihbox-contents\">\r\n\t\t\t\t<div class=\"thsn-ihbox-content\">Calle del Pr\u00edncipe de Vergara, 55,<br \/>\n1\u00ba C, 28006 Madrid <\/div>\t\t\t\t\t\t\t<\/div><!-- .thsn-ihbox-contents -->\r\n\t<\/div>\r\n<\/div>\r\n<div  class=\"thsn-ihbox thsn-ihbox-style-8  vc_custom_1589588833297\" >\r\n\t<div class=\"thsn-ihbox-box\">\r\n\t\t\t<div class=\"thsn-ihbox-headingicon d-flex align-items-center\">\r\n\t\t\t\t<div class=\"thsn-ihbox-icon\"><div class=\"thsn-ihbox-icon-wrapper\"><i class=\"thsn-dentiq-icon thsn-dentiq-icon-call\"><\/i><\/div><\/div>\t\t\t\t<div class=\"thsn-heading\">\r\n\t\t\t\t\t<div class=\"thsn-ihbox-heading\"><\/div>\t\t\t\t\t\t\t\t\t<\/div>\r\n\t\t\t<\/div>\r\n\t\t\t<div class=\"thsn-ihbox-contents\">\r\n\t\t\t\t<div class=\"thsn-ihbox-content\">667 59 73 32<br \/>\n(Tambi\u00e9n Whatsapp) <\/div>\t\t\t\t\t\t\t<\/div><!-- .thsn-ihbox-contents -->\r\n\t<\/div>\r\n<\/div>\r\n<div  class=\"thsn-ihbox thsn-ihbox-style-8\" >\r\n\t<div class=\"thsn-ihbox-box\">\r\n\t\t\t<div class=\"thsn-ihbox-headingicon d-flex align-items-center\">\r\n\t\t\t\t<div class=\"thsn-ihbox-icon\"><div class=\"thsn-ihbox-icon-wrapper\"><i class=\"thsn-dentiq-icon thsn-dentiq-icon-medical-record\"><\/i><\/div><\/div>\t\t\t\t<div class=\"thsn-heading\">\r\n\t\t\t\t\t<div class=\"thsn-ihbox-heading\"><\/div>\t\t\t\t\t\t\t\t\t<\/div>\r\n\t\t\t<\/div>\r\n\t\t\t<div class=\"thsn-ihbox-contents\">\r\n\t\t\t\t<div class=\"thsn-ihbox-content\">info@renacimientomadrid.com <\/div>\t\t\t\t\t\t\t<\/div><!-- .thsn-ihbox-contents -->\r\n\t<\/div>\r\n<\/div>\r\n\n\t<div class=\"wpb_text_column wpb_content_element\" >\n\t\t<div class=\"wpb_wrapper\">\n\t\t\t<ul class=\"thsn-social-links\"><li class=\"thsn-social-li thsn-social-facebook\"><a  title=\"thsn-base-icon-facebook-squared\" href=\"#\" target=\"_blank\"><span><i class=\"thsn-base-icon-facebook-squared\"><\/i><\/span><\/a><\/li><li class=\"thsn-social-li thsn-social-twitter\"><a  title=\"thsn-base-icon-twitter\" href=\"#\" target=\"_blank\"><span><i class=\"thsn-base-icon-twitter\"><\/i><\/span><\/a><\/li><li class=\"thsn-social-li thsn-social-linkedin\"><a  title=\"thsn-base-icon-linkedin-squared\" href=\"#\" target=\"_blank\"><span><i class=\"thsn-base-icon-linkedin-squared\"><\/i><\/span><\/a><\/li><li class=\"thsn-social-li thsn-social-instagram\"><a  title=\"thsn-base-icon-instagram\" href=\"#\" target=\"_blank\"><span><i class=\"thsn-base-icon-instagram\"><\/i><\/span><\/a><\/li><\/ul>\n\n\t\t<\/div>\n\t<\/div>\n\n\t<div class=\"wpb_text_column wpb_content_element\" >\n\t\t<div class=\"wpb_wrapper\">\n\t\t\t<div class=\"step-two how-step\">\n<div class=\"step-content\">\n<div class=\"desc-shortcode\" style=\"text-align: center;\"><div class=\"latepoint-book-button os_trigger_booking\"   data-nonce=\"39ff39437d\">Book Appointment<\/div><\/div>\n<\/div>\n<\/div>\n\n\t\t<\/div>\n\t<\/div>\n\t\t<\/div>\r\n\t<\/div>\r\n<\/div>\r\n<div class=\"thsn-contact-box wpb_column vc_column_container vc_col-sm-7 thsn-column thsn-bg-color-yes thsn-bg-color-transparent thsn-zindex-2\">\r\n\t<div class=\"vc_column-inner vc_custom_1563271208092\">\r\n\t\t\t<div class=\"wpb_wrapper\">\r\n\t\t\t<div  class=\"thsn-ihbox thsn-ihbox-style-hsbox   thsn-reverse-heading-yes\" >\r\n\t\t\t\t\t<div class=\"thsn-ihbox-contents\">\r\n\t\t\t<div class=\"thsn-ihbox-subheading\"><\/div>\t\t\t<div class=\"thsn-ihbox-heading\"><\/div>\t\t\t\t\t\t\t\t<\/div><!-- .thsn-ihbox-contents -->\r\n\t\t\t<\/div>\r\n\n\t<div class=\"wpb_text_column wpb_content_element\" >\n\t\t<div class=\"wpb_wrapper\">\n\t\t\t<h3><strong>Precios competitivos al alcance de tu bolsillo<\/strong><\/h3>\n<dl>\n<dd>Financiaci\u00f3n c\u00f3moda, r\u00e1pida y a tu medida.<\/dd>\n<dd>El cliente que quiere financiar su tratamiento, nos presenta la documentaci\u00f3n necesaria, tramitamos la financiaci\u00f3n en el mismo momento y confirmamos en 48horas.<\/dd>\n<dd>Desde 3 hasta 48\/60 meses.<\/dd>\n<dd>Hasta 5.800 \u20ac<\/dd>\n<\/dl>\n<section>\n<header>\n<h3><\/h3>\n<h3>Documentaci\u00f3n<\/h3>\n<\/header>\n<dl>\n<dd>Para\u00a0<b>trabajadores por cuenta ajena<\/b>: DNI.<\/dd>\n<dd>Para\u00a0<b>trabajadores aut\u00f3nomos<\/b>: NIF \/ IRPF (modelo 100) \/ \u00daltimo trimestre modelo 130\/131 \/ \u00daltimo pago de aut\u00f3nomos a la seguridad social \/ Fotocopia de la cartilla bancaria.<\/dd>\n<\/dl>\n<p>Para m\u00e1s informaci\u00f3n sobre financiaci\u00f3n,\u00a0<a title=\"contacta con nosotros\" href=\"https:\/\/www.clinicarenacimiento.es\/contacto\">contacta con nosotros<\/a>.<\/p>\n<\/section>\n<section>\n<header>\n<h2>Qu\u00e9 Ofrecemos<\/h2>\n<\/header>\n<dl>\n<dd>\u00abEn Intervenciones\u00bb<\/dd>\n<dt><b><i>Todo Inclu\u00eddo<\/i><\/b><\/dt>\n<dd>\u2022 Intervenci\u00f3n.<\/dd>\n<dd>\u2022 Anestesista.<\/dd>\n<dd>\u2022 Pre-operatorio completo.<\/dd>\n<dd>\u2022 Medicaci\u00f3n necesaria hospital.<\/dd>\n<dd>\u2022 Noche de Hospitalizaci\u00f3n<\/dd>\n<dd>\u2022 Sujetador\/faja en la intervenci\u00f3n que lo requiera.<\/dd>\n<dd>\u2022 Consultas y revisiones.<\/dd>\n<dd>\u2022 Tel\u00e9fono de urgencias 24h.<\/dd>\n<\/dl>\n<\/section>\n\n\t\t<\/div>\n\t<\/div>\n\t\t<\/div>\r\n\t<\/div>\r\n<\/div>\r\n<\/div>\r\n<div class=\"vc_row-full-width vc_clearfix\"><\/div><div data-vc-full-width=\"true\" data-vc-full-width-init=\"false\" data-vc-stretch-content=\"true\" class=\"vc_row wpb_row vc_row-fluid thsn-row thsn-bg-color-yes thsn-bg-color-transparent thsn-zindex-1 thsn-bgimage-position-center-center vc_row-o-content-middle vc_row-flex\">\r\n\t\t\t<div class=\"wpb_column vc_column_container vc_col-sm-12 thsn-column thsn-bg-color-yes thsn-bg-color-transparent thsn-zindex-1 thsn-bgimage-position-center-center\">\r\n\t<div class=\"vc_column-inner\">\r\n\t\t\t<div class=\"wpb_wrapper\">\r\n\t\t\t\n\t<div class=\"wpb_raw_code wpb_raw_html wpb_content_element vc_custom_1589589275336\" >\n\t\t<div class=\"wpb_wrapper\">\n\t\t\t<iframe loading=\"lazy\" src=\"https:\/\/www.google.com\/maps\/embed?pb=!1m14!1m8!1m3!1d12147.66009506681!2d-3.6796759!3d40.4328805!3m2!1i1024!2i768!4f13.1!3m3!1m2!1s0x0%3A0x6eb160fbfb6d5864!2sCl%C3%ADnica%20Renacimiento%20Madrid!5e0!3m2!1sen!2ses!4v1589588904345!5m2!1sen!2ses\" width=\"1500\" height=\"450\" frameborder=\"0\" style=\"border:0;\" allowfullscreen=\"\" aria-hidden=\"false\" tabindex=\"0\"><\/iframe>\n\t\t<\/div>\n\t<\/div>\n\t\t<\/div>\r\n\t<\/div>\r\n<\/div>\r\n<\/div>\r\n<div class=\"vc_row-full-width vc_clearfix\"><\/div>\n<\/div>","protected":false},"excerpt":{"rendered":"Informaci\u00f3n de la Cl\u00ednica Renacimiento Calle del Pr\u00edncipe de Vergara, 55, 1\u00ba C, 28006 Madrid 667 59 73 32 (Tambi\u00e9n Whatsapp) info@renacimientomadrid.com Book Appointment Precios competitivos al alcance de tu bolsillo Financiaci\u00f3n c\u00f3moda, r\u00e1pida y a tu medida. El cliente que quiere financiar su tratamiento, nos presenta la documentaci\u00f3n necesaria, tramitamos la financiaci\u00f3n en el [...]","protected":false},"author":1,"featured_media":0,"parent":0,"menu_order":0,"comment_status":"closed","ping_status":"closed","template":"","meta":{"_acf_changed":false,"footnotes":""},"class_list":["post-13525","page","type-page","status-publish","hentry"],"acf":[],"yoast_head":"<!-- This site is optimized with the Yoast SEO Premium plugin v24.7 (Yoast SEO v24.7) - https:\/\/yoast.com\/wordpress\/plugins\/seo\/ -->\n<title>Financiaci\u00f3n - Cl\u00ednica Renacimiento Madrid<\/title>\n<meta name=\"description\" content=\"Financiaci\u00f3n - Escoge la Cl\u00ednica Renacimiento Madrid para tus Tratamientos de Cirug\u00eda y Medicina es\u00e9tica Facial y Corporal.\" \/>\n<meta name=\"robots\" content=\"index, follow, max-snippet:-1, max-image-preview:large, max-video-preview:-1\" \/>\n<link rel=\"canonical\" href=\"https:\/\/renacimientomadrid.com\/en\/financiacion\" \/>\n<meta property=\"og:locale\" content=\"en_GB\" \/>\n<meta property=\"og:type\" content=\"article\" \/>\n<meta property=\"og:title\" content=\"Financiaci\u00f3n\" \/>\n<meta property=\"og:description\" content=\"Financiaci\u00f3n - Escoge la Cl\u00ednica Renacimiento Madrid para tus Tratamientos de Cirug\u00eda y Medicina es\u00e9tica Facial y Corporal.\" \/>\n<meta property=\"og:url\" content=\"https:\/\/renacimientomadrid.com\/en\/financiacion\" \/>\n<meta property=\"og:site_name\" content=\"Cl\u00ednica Renacimiento Madrid\" \/>\n<meta property=\"article:publisher\" content=\"https:\/\/www.facebook.com\/Clinica.Renacimiento.Madrid\" \/>\n<meta property=\"article:modified_time\" content=\"2022-02-09T16:25:05+00:00\" \/>\n<meta property=\"og:image\" content=\"https:\/\/renacimientomadrid.com\/wp-content\/uploads\/2018\/10\/tratamientos-mas-populares-clinica-renacimiento-madrid.jpg\" \/>\n\t<meta property=\"og:image:width\" content=\"1200\" \/>\n\t<meta property=\"og:image:height\" content=\"1000\" \/>\n\t<meta property=\"og:image:type\" content=\"image\/jpeg\" \/>\n<meta name=\"twitter:card\" content=\"summary_large_image\" \/>\n<meta name=\"twitter:site\" content=\"@clinicamadrid\" \/>\n<meta name=\"twitter:label1\" content=\"Estimated reading time\" \/>\n\t<meta name=\"twitter:data1\" content=\"2 minutes\" \/>\n<script type=\"application\/ld+json\" class=\"yoast-schema-graph\">{\"@context\":\"https:\/\/schema.org\",\"@graph\":[{\"@type\":\"WebPage\",\"@id\":\"https:\/\/renacimientomadrid.com\/en\/financiacion\",\"url\":\"https:\/\/renacimientomadrid.com\/en\/financiacion\",\"name\":\"Financiaci\u00f3n - Cl\u00ednica Renacimiento Madrid\",\"isPartOf\":{\"@id\":\"https:\/\/renacimientomadrid.com\/#website\"},\"datePublished\":\"2020-05-16T01:06:07+00:00\",\"dateModified\":\"2022-02-09T16:25:05+00:00\",\"description\":\"Financiaci\u00f3n - Escoge la Cl\u00ednica Renacimiento Madrid para tus Tratamientos de Cirug\u00eda y Medicina es\u00e9tica Facial y Corporal.\",\"breadcrumb\":{\"@id\":\"https:\/\/renacimientomadrid.com\/en\/financiacion#breadcrumb\"},\"inLanguage\":\"en-GB\",\"potentialAction\":[{\"@type\":\"ReadAction\",\"target\":[\"https:\/\/renacimientomadrid.com\/en\/financiacion\"]}]},{\"@type\":\"BreadcrumbList\",\"@id\":\"https:\/\/renacimientomadrid.com\/en\/financiacion#breadcrumb\",\"itemListElement\":[{\"@type\":\"ListItem\",\"position\":1,\"name\":\"Inicio\",\"item\":\"https:\/\/renacimientomadrid.com\/\"},{\"@type\":\"ListItem\",\"position\":2,\"name\":\"Financiaci\u00f3n\"}]},{\"@type\":\"WebSite\",\"@id\":\"https:\/\/renacimientomadrid.com\/#website\",\"url\":\"https:\/\/renacimientomadrid.com\/\",\"name\":\"Cl\u00ednica Renacimiento Madrid\",\"description\":\"Cirug\u00eda y Medicina Est\u00e9tica en Madrid\",\"publisher\":{\"@id\":\"https:\/\/renacimientomadrid.com\/#organization\"},\"potentialAction\":[{\"@type\":\"SearchAction\",\"target\":{\"@type\":\"EntryPoint\",\"urlTemplate\":\"https:\/\/renacimientomadrid.com\/?s={search_term_string}\"},\"query-input\":{\"@type\":\"PropertyValueSpecification\",\"valueRequired\":true,\"valueName\":\"search_term_string\"}}],\"inLanguage\":\"en-GB\"},{\"@type\":[\"Organization\",\"Place\",\"MedicalClinic\"],\"@id\":\"https:\/\/renacimientomadrid.com\/#organization\",\"name\":\"Cl\u00ednica Renacimiento Madrid\",\"url\":\"https:\/\/renacimientomadrid.com\/\",\"logo\":{\"@id\":\"https:\/\/renacimientomadrid.com\/en\/financiacion#local-main-organization-logo\"},\"image\":{\"@id\":\"https:\/\/renacimientomadrid.com\/en\/financiacion#local-main-organization-logo\"},\"sameAs\":[\"https:\/\/www.facebook.com\/Clinica.Renacimiento.Madrid\",\"https:\/\/x.com\/clinicamadrid\"],\"address\":{\"@id\":\"https:\/\/renacimientomadrid.com\/en\/financiacion#local-main-place-address\"},\"geo\":{\"@type\":\"GeoCoordinates\",\"latitude\":\"40.424108\",\"longitude\":\"-3.6987307\"},\"telephone\":[\"667597332\",\"915619129\"],\"openingHoursSpecification\":[{\"@type\":\"OpeningHoursSpecification\",\"dayOfWeek\":[\"Monday\",\"Tuesday\",\"Wednesday\",\"Thursday\",\"Friday\"],\"opens\":\"10:00\",\"closes\":\"20:00\"},{\"@type\":\"OpeningHoursSpecification\",\"dayOfWeek\":[\"Saturday\",\"Sunday\"],\"opens\":\"00:00\",\"closes\":\"00:00\"}],\"email\":\"info@renacimientomadrid.com\",\"areaServed\":\"Madrid y Marbella\",\"paymentAccepted\":\"Efectivo, Financiaci\u00f3n, Tarjeta de d\u00e9bito\/cr\u00e9dito, Transferencia bancaria\"},{\"@type\":\"PostalAddress\",\"@id\":\"https:\/\/renacimientomadrid.com\/en\/financiacion#local-main-place-address\",\"streetAddress\":\"Calle Pr\u00edncipe de Vergara 55, 1\u00baC\",\"addressLocality\":\"Madrid\",\"postalCode\":\"28006\",\"addressRegion\":\"Comunidad de Madrid\",\"addressCountry\":\"ES\"},{\"@type\":\"ImageObject\",\"inLanguage\":\"en-GB\",\"@id\":\"https:\/\/renacimientomadrid.com\/en\/financiacion#local-main-organization-logo\",\"url\":\"https:\/\/renacimientomadrid.com\/wp-content\/uploads\/2020\/05\/Logo-Clinica-Renacimiento-Madrid.png\",\"contentUrl\":\"https:\/\/renacimientomadrid.com\/wp-content\/uploads\/2020\/05\/Logo-Clinica-Renacimiento-Madrid.png\",\"width\":155,\"height\":54,\"caption\":\"Cl\u00ednica Renacimiento Madrid\"}]}<\/script>\n<meta name=\"geo.placename\" content=\"Madrid\" \/>\n<meta name=\"geo.position\" content=\"40.424108;-3.6987307\" \/>\n<meta name=\"geo.region\" content=\"Spain\" \/>\n<!-- \/ Yoast SEO Premium plugin. -->","yoast_head_json":{"title":"Financiaci\u00f3n - Cl\u00ednica Renacimiento Madrid","description":"Financiaci\u00f3n - Escoge la Cl\u00ednica Renacimiento Madrid para tus Tratamientos de Cirug\u00eda y Medicina es\u00e9tica Facial y Corporal.","robots":{"index":"index","follow":"follow","max-snippet":"max-snippet:-1","max-image-preview":"max-image-preview:large","max-video-preview":"max-video-preview:-1"},"canonical":"https:\/\/renacimientomadrid.com\/en\/financiacion","og_locale":"en_GB","og_type":"article","og_title":"Financiaci\u00f3n","og_description":"Financiaci\u00f3n - Escoge la Cl\u00ednica Renacimiento Madrid para tus Tratamientos de Cirug\u00eda y Medicina es\u00e9tica Facial y Corporal.","og_url":"https:\/\/renacimientomadrid.com\/en\/financiacion","og_site_name":"Cl\u00ednica Renacimiento Madrid","article_publisher":"https:\/\/www.facebook.com\/Clinica.Renacimiento.Madrid","article_modified_time":"2022-02-09T16:25:05+00:00","og_image":[{"width":1200,"height":1000,"url":"https:\/\/renacimientomadrid.com\/wp-content\/uploads\/2018\/10\/tratamientos-mas-populares-clinica-renacimiento-madrid.jpg","type":"image\/jpeg"}],"twitter_card":"summary_large_image","twitter_site":"@clinicamadrid","twitter_misc":{"Estimated reading time":"2 minutes"},"schema":{"@context":"https:\/\/schema.org","@graph":[{"@type":"WebPage","@id":"https:\/\/renacimientomadrid.com\/en\/financiacion","url":"https:\/\/renacimientomadrid.com\/en\/financiacion","name":"Financiaci\u00f3n - Cl\u00ednica Renacimiento Madrid","isPartOf":{"@id":"https:\/\/renacimientomadrid.com\/#website"},"datePublished":"2020-05-16T01:06:07+00:00","dateModified":"2022-02-09T16:25:05+00:00","description":"Financiaci\u00f3n - Escoge la Cl\u00ednica Renacimiento Madrid para tus Tratamientos de Cirug\u00eda y Medicina es\u00e9tica Facial y Corporal.","breadcrumb":{"@id":"https:\/\/renacimientomadrid.com\/en\/financiacion#breadcrumb"},"inLanguage":"en-GB","potentialAction":[{"@type":"ReadAction","target":["https:\/\/renacimientomadrid.com\/en\/financiacion"]}]},{"@type":"BreadcrumbList","@id":"https:\/\/renacimientomadrid.com\/en\/financiacion#breadcrumb","itemListElement":[{"@type":"ListItem","position":1,"name":"Inicio","item":"https:\/\/renacimientomadrid.com\/"},{"@type":"ListItem","position":2,"name":"Financiaci\u00f3n"}]},{"@type":"WebSite","@id":"https:\/\/renacimientomadrid.com\/#website","url":"https:\/\/renacimientomadrid.com\/","name":"Cl\u00ednica Renacimiento Madrid","description":"Cirug\u00eda y Medicina Est\u00e9tica en Madrid","publisher":{"@id":"https:\/\/renacimientomadrid.com\/#organization"},"potentialAction":[{"@type":"SearchAction","target":{"@type":"EntryPoint","urlTemplate":"https:\/\/renacimientomadrid.com\/?s={search_term_string}"},"query-input":{"@type":"PropertyValueSpecification","valueRequired":true,"valueName":"search_term_string"}}],"inLanguage":"en-GB"},{"@type":["Organization","Place","MedicalClinic"],"@id":"https:\/\/renacimientomadrid.com\/#organization","name":"Cl\u00ednica Renacimiento Madrid","url":"https:\/\/renacimientomadrid.com\/","logo":{"@id":"https:\/\/renacimientomadrid.com\/en\/financiacion#local-main-organization-logo"},"image":{"@id":"https:\/\/renacimientomadrid.com\/en\/financiacion#local-main-organization-logo"},"sameAs":["https:\/\/www.facebook.com\/Clinica.Renacimiento.Madrid","https:\/\/x.com\/clinicamadrid"],"address":{"@id":"https:\/\/renacimientomadrid.com\/en\/financiacion#local-main-place-address"},"geo":{"@type":"GeoCoordinates","latitude":"40.424108","longitude":"-3.6987307"},"telephone":["667597332","915619129"],"openingHoursSpecification":[{"@type":"OpeningHoursSpecification","dayOfWeek":["Monday","Tuesday","Wednesday","Thursday","Friday"],"opens":"10:00","closes":"20:00"},{"@type":"OpeningHoursSpecification","dayOfWeek":["Saturday","Sunday"],"opens":"00:00","closes":"00:00"}],"email":"info@renacimientomadrid.com","areaServed":"Madrid y Marbella","paymentAccepted":"Efectivo, Financiaci\u00f3n, Tarjeta de d\u00e9bito\/cr\u00e9dito, Transferencia bancaria"},{"@type":"PostalAddress","@id":"https:\/\/renacimientomadrid.com\/en\/financiacion#local-main-place-address","streetAddress":"Calle Pr\u00edncipe de Vergara 55, 1\u00baC","addressLocality":"Madrid","postalCode":"28006","addressRegion":"Comunidad de Madrid","addressCountry":"ES"},{"@type":"ImageObject","inLanguage":"en-GB","@id":"https:\/\/renacimientomadrid.com\/en\/financiacion#local-main-organization-logo","url":"https:\/\/renacimientomadrid.com\/wp-content\/uploads\/2020\/05\/Logo-Clinica-Renacimiento-Madrid.png","contentUrl":"https:\/\/renacimientomadrid.com\/wp-content\/uploads\/2020\/05\/Logo-Clinica-Renacimiento-Madrid.png","width":155,"height":54,"caption":"Cl\u00ednica Renacimiento Madrid"}]},"geo.placename":"Madrid","geo.position":{"lat":"40.424108","long":"-3.6987307"},"geo.region":"Spain"},"_links":{"self":[{"href":"https:\/\/renacimientomadrid.com\/en\/wp-json\/wp\/v2\/pages\/13525","targetHints":{"allow":["GET"]}}],"collection":[{"href":"https:\/\/renacimientomadrid.com\/en\/wp-json\/wp\/v2\/pages"}],"about":[{"href":"https:\/\/renacimientomadrid.com\/en\/wp-json\/wp\/v2\/types\/page"}],"author":[{"embeddable":true,"href":"https:\/\/renacimientomadrid.com\/en\/wp-json\/wp\/v2\/users\/1"}],"replies":[{"embeddable":true,"href":"https:\/\/renacimientomadrid.com\/en\/wp-json\/wp\/v2\/comments?post=13525"}],"version-history":[{"count":0,"href":"https:\/\/renacimientomadrid.com\/en\/wp-json\/wp\/v2\/pages\/13525\/revisions"}],"wp:attachment":[{"href":"https:\/\/renacimientomadrid.com\/en\/wp-json\/wp\/v2\/media?parent=13525"}],"curies":[{"name":"wp","href":"https:\/\/api.w.org\/{rel}","templated":true}]}}