{"id":14075,"date":"2020-09-17T17:19:18","date_gmt":"2020-09-17T17:19:18","guid":{"rendered":"https:\/\/renacimientomadrid.com\/?page_id=14075"},"modified":"2020-09-17T17:25:16","modified_gmt":"2020-09-17T17:25:16","slug":"promo","status":"publish","type":"page","link":"https:\/\/renacimientomadrid.com\/en\/promo","title":{"rendered":"PROMO"},"content":{"rendered":"<div class=\"wpb-content-wrapper\"><div class=\"vc_row wpb_row vc_row-fluid thsn-row thsn-bg-color-yes thsn-bg-color-transparent thsn-zindex-zero\">\r\n\t\t\t<div class=\"wpb_column vc_column_container vc_col-sm-12 thsn-column thsn-bg-color-yes thsn-bg-color-transparent thsn-zindex-zero\">\r\n\t<div class=\"vc_column-inner\">\r\n\t\t\t<div class=\"wpb_wrapper\">\r\n\t\t\t<div class=\"vc_empty_space\"   style=\"height: 72px\"><span class=\"vc_empty_space_inner\"><\/span><\/div>\n\t<div class=\"wpb_text_column wpb_content_element\" >\n\t\t<div class=\"wpb_wrapper\">\n\t\t\t<p style=\"text-align: center;\"><b>[wof_wheel id=\u00bb14073&#8243;]<\/b><\/p>\n\n\t\t<\/div>\n\t<\/div>\n\t\t<\/div>\r\n\t<\/div>\r\n<\/div>\r\n<\/div>\r\n\n<\/div>","protected":false},"excerpt":{"rendered":"[wof_wheel id=\"14073\"]","protected":false},"author":1,"featured_media":0,"parent":0,"menu_order":0,"comment_status":"closed","ping_status":"closed","template":"","meta":{"_acf_changed":false,"footnotes":""},"class_list":["post-14075","page","type-page","status-publish","hentry"],"acf":[],"yoast_head":"<!-- This site is optimized with the Yoast SEO Premium plugin v24.7 (Yoast SEO v24.7) - https:\/\/yoast.com\/wordpress\/plugins\/seo\/ -->\n<title>PROMO - Cl\u00ednica Renacimiento Madrid<\/title>\n<meta name=\"description\" content=\"PROMO - Escoge la Cl\u00ednica Renacimiento Madrid para tus Tratamientos de Cirug\u00eda y Medicina es\u00e9tica Facial y Corporal.\" \/>\n<meta name=\"robots\" content=\"index, follow, max-snippet:-1, max-image-preview:large, max-video-preview:-1\" \/>\n<link rel=\"canonical\" href=\"https:\/\/renacimientomadrid.com\/en\/promo\/\" \/>\n<meta property=\"og:locale\" content=\"en_GB\" \/>\n<meta property=\"og:type\" content=\"article\" \/>\n<meta property=\"og:title\" content=\"PROMO\" \/>\n<meta property=\"og:description\" content=\"PROMO - Escoge la Cl\u00ednica Renacimiento Madrid para tus Tratamientos de Cirug\u00eda y Medicina es\u00e9tica Facial y Corporal.\" \/>\n<meta property=\"og:url\" content=\"https:\/\/renacimientomadrid.com\/en\/promo\/\" \/>\n<meta property=\"og:site_name\" content=\"Cl\u00ednica Renacimiento Madrid\" \/>\n<meta property=\"article:publisher\" content=\"https:\/\/www.facebook.com\/Clinica.Renacimiento.Madrid\" \/>\n<meta property=\"article:modified_time\" content=\"2020-09-17T17:25:16+00:00\" \/>\n<meta property=\"og:image\" content=\"https:\/\/renacimientomadrid.com\/wp-content\/uploads\/2018\/10\/tratamientos-mas-populares-clinica-renacimiento-madrid.jpg\" \/>\n\t<meta property=\"og:image:width\" content=\"1200\" \/>\n\t<meta property=\"og:image:height\" content=\"1000\" \/>\n\t<meta property=\"og:image:type\" content=\"image\/jpeg\" \/>\n<meta name=\"twitter:card\" content=\"summary_large_image\" \/>\n<meta name=\"twitter:site\" content=\"@clinicamadrid\" \/>\n<script type=\"application\/ld+json\" class=\"yoast-schema-graph\">{\"@context\":\"https:\/\/schema.org\",\"@graph\":[{\"@type\":\"WebPage\",\"@id\":\"https:\/\/renacimientomadrid.com\/promo\",\"url\":\"https:\/\/renacimientomadrid.com\/promo\",\"name\":\"PROMO - Cl\u00ednica Renacimiento Madrid\",\"isPartOf\":{\"@id\":\"https:\/\/renacimientomadrid.com\/#website\"},\"datePublished\":\"2020-09-17T17:19:18+00:00\",\"dateModified\":\"2020-09-17T17:25:16+00:00\",\"description\":\"PROMO - Escoge la Cl\u00ednica Renacimiento Madrid para tus Tratamientos de Cirug\u00eda y Medicina es\u00e9tica Facial y Corporal.\",\"breadcrumb\":{\"@id\":\"https:\/\/renacimientomadrid.com\/promo#breadcrumb\"},\"inLanguage\":\"en-GB\",\"potentialAction\":[{\"@type\":\"ReadAction\",\"target\":[\"https:\/\/renacimientomadrid.com\/promo\"]}]},{\"@type\":\"BreadcrumbList\",\"@id\":\"https:\/\/renacimientomadrid.com\/promo#breadcrumb\",\"itemListElement\":[{\"@type\":\"ListItem\",\"position\":1,\"name\":\"Inicio\",\"item\":\"https:\/\/renacimientomadrid.com\/\"},{\"@type\":\"ListItem\",\"position\":2,\"name\":\"PROMO\"}]},{\"@type\":\"WebSite\",\"@id\":\"https:\/\/renacimientomadrid.com\/#website\",\"url\":\"https:\/\/renacimientomadrid.com\/\",\"name\":\"Cl\u00ednica Renacimiento Madrid\",\"description\":\"Cirug\u00eda y Medicina Est\u00e9tica en Madrid\",\"publisher\":{\"@id\":\"https:\/\/renacimientomadrid.com\/#organization\"},\"potentialAction\":[{\"@type\":\"SearchAction\",\"target\":{\"@type\":\"EntryPoint\",\"urlTemplate\":\"https:\/\/renacimientomadrid.com\/?s={search_term_string}\"},\"query-input\":{\"@type\":\"PropertyValueSpecification\",\"valueRequired\":true,\"valueName\":\"search_term_string\"}}],\"inLanguage\":\"en-GB\"},{\"@type\":[\"Organization\",\"Place\",\"MedicalClinic\"],\"@id\":\"https:\/\/renacimientomadrid.com\/#organization\",\"name\":\"Cl\u00ednica Renacimiento Madrid\",\"url\":\"https:\/\/renacimientomadrid.com\/\",\"logo\":{\"@id\":\"https:\/\/renacimientomadrid.com\/promo#local-main-organization-logo\"},\"image\":{\"@id\":\"https:\/\/renacimientomadrid.com\/promo#local-main-organization-logo\"},\"sameAs\":[\"https:\/\/www.facebook.com\/Clinica.Renacimiento.Madrid\",\"https:\/\/x.com\/clinicamadrid\"],\"address\":{\"@id\":\"https:\/\/renacimientomadrid.com\/promo#local-main-place-address\"},\"geo\":{\"@type\":\"GeoCoordinates\",\"latitude\":\"40.424108\",\"longitude\":\"-3.6987307\"},\"telephone\":[\"667597332\",\"915619129\"],\"openingHoursSpecification\":[{\"@type\":\"OpeningHoursSpecification\",\"dayOfWeek\":[\"Monday\",\"Tuesday\",\"Wednesday\",\"Thursday\",\"Friday\"],\"opens\":\"10:00\",\"closes\":\"20:00\"},{\"@type\":\"OpeningHoursSpecification\",\"dayOfWeek\":[\"Saturday\",\"Sunday\"],\"opens\":\"00:00\",\"closes\":\"00:00\"}],\"email\":\"info@renacimientomadrid.com\",\"areaServed\":\"Madrid y Marbella\",\"paymentAccepted\":\"Efectivo, Financiaci\u00f3n, Tarjeta de d\u00e9bito\/cr\u00e9dito, Transferencia bancaria\"},{\"@type\":\"PostalAddress\",\"@id\":\"https:\/\/renacimientomadrid.com\/promo#local-main-place-address\",\"streetAddress\":\"Calle Pr\u00edncipe de Vergara 55, 1\u00baC\",\"addressLocality\":\"Madrid\",\"postalCode\":\"28006\",\"addressRegion\":\"Comunidad de Madrid\",\"addressCountry\":\"ES\"},{\"@type\":\"ImageObject\",\"inLanguage\":\"en-GB\",\"@id\":\"https:\/\/renacimientomadrid.com\/promo#local-main-organization-logo\",\"url\":\"https:\/\/renacimientomadrid.com\/wp-content\/uploads\/2020\/05\/Logo-Clinica-Renacimiento-Madrid.png\",\"contentUrl\":\"https:\/\/renacimientomadrid.com\/wp-content\/uploads\/2020\/05\/Logo-Clinica-Renacimiento-Madrid.png\",\"width\":155,\"height\":54,\"caption\":\"Cl\u00ednica Renacimiento Madrid\"}]}<\/script>\n<meta name=\"geo.placename\" content=\"Madrid\" \/>\n<meta name=\"geo.position\" content=\"40.424108;-3.6987307\" \/>\n<meta name=\"geo.region\" content=\"Spain\" \/>\n<!-- \/ Yoast SEO Premium plugin. -->","yoast_head_json":{"title":"PROMO - Cl\u00ednica Renacimiento Madrid","description":"PROMO - Escoge la Cl\u00ednica Renacimiento Madrid para tus Tratamientos de Cirug\u00eda y Medicina es\u00e9tica Facial y Corporal.","robots":{"index":"index","follow":"follow","max-snippet":"max-snippet:-1","max-image-preview":"max-image-preview:large","max-video-preview":"max-video-preview:-1"},"canonical":"https:\/\/renacimientomadrid.com\/en\/promo\/","og_locale":"en_GB","og_type":"article","og_title":"PROMO","og_description":"PROMO - Escoge la Cl\u00ednica Renacimiento Madrid para tus Tratamientos de Cirug\u00eda y Medicina es\u00e9tica Facial y Corporal.","og_url":"https:\/\/renacimientomadrid.com\/en\/promo\/","og_site_name":"Cl\u00ednica Renacimiento Madrid","article_publisher":"https:\/\/www.facebook.com\/Clinica.Renacimiento.Madrid","article_modified_time":"2020-09-17T17:25:16+00:00","og_image":[{"width":1200,"height":1000,"url":"https:\/\/renacimientomadrid.com\/wp-content\/uploads\/2018\/10\/tratamientos-mas-populares-clinica-renacimiento-madrid.jpg","type":"image\/jpeg"}],"twitter_card":"summary_large_image","twitter_site":"@clinicamadrid","schema":{"@context":"https:\/\/schema.org","@graph":[{"@type":"WebPage","@id":"https:\/\/renacimientomadrid.com\/promo","url":"https:\/\/renacimientomadrid.com\/promo","name":"PROMO - Cl\u00ednica Renacimiento Madrid","isPartOf":{"@id":"https:\/\/renacimientomadrid.com\/#website"},"datePublished":"2020-09-17T17:19:18+00:00","dateModified":"2020-09-17T17:25:16+00:00","description":"PROMO - Escoge la Cl\u00ednica Renacimiento Madrid para tus Tratamientos de Cirug\u00eda y Medicina es\u00e9tica Facial y Corporal.","breadcrumb":{"@id":"https:\/\/renacimientomadrid.com\/promo#breadcrumb"},"inLanguage":"en-GB","potentialAction":[{"@type":"ReadAction","target":["https:\/\/renacimientomadrid.com\/promo"]}]},{"@type":"BreadcrumbList","@id":"https:\/\/renacimientomadrid.com\/promo#breadcrumb","itemListElement":[{"@type":"ListItem","position":1,"name":"Inicio","item":"https:\/\/renacimientomadrid.com\/"},{"@type":"ListItem","position":2,"name":"PROMO"}]},{"@type":"WebSite","@id":"https:\/\/renacimientomadrid.com\/#website","url":"https:\/\/renacimientomadrid.com\/","name":"Cl\u00ednica Renacimiento Madrid","description":"Cirug\u00eda y Medicina Est\u00e9tica en Madrid","publisher":{"@id":"https:\/\/renacimientomadrid.com\/#organization"},"potentialAction":[{"@type":"SearchAction","target":{"@type":"EntryPoint","urlTemplate":"https:\/\/renacimientomadrid.com\/?s={search_term_string}"},"query-input":{"@type":"PropertyValueSpecification","valueRequired":true,"valueName":"search_term_string"}}],"inLanguage":"en-GB"},{"@type":["Organization","Place","MedicalClinic"],"@id":"https:\/\/renacimientomadrid.com\/#organization","name":"Cl\u00ednica Renacimiento Madrid","url":"https:\/\/renacimientomadrid.com\/","logo":{"@id":"https:\/\/renacimientomadrid.com\/promo#local-main-organization-logo"},"image":{"@id":"https:\/\/renacimientomadrid.com\/promo#local-main-organization-logo"},"sameAs":["https:\/\/www.facebook.com\/Clinica.Renacimiento.Madrid","https:\/\/x.com\/clinicamadrid"],"address":{"@id":"https:\/\/renacimientomadrid.com\/promo#local-main-place-address"},"geo":{"@type":"GeoCoordinates","latitude":"40.424108","longitude":"-3.6987307"},"telephone":["667597332","915619129"],"openingHoursSpecification":[{"@type":"OpeningHoursSpecification","dayOfWeek":["Monday","Tuesday","Wednesday","Thursday","Friday"],"opens":"10:00","closes":"20:00"},{"@type":"OpeningHoursSpecification","dayOfWeek":["Saturday","Sunday"],"opens":"00:00","closes":"00:00"}],"email":"info@renacimientomadrid.com","areaServed":"Madrid y Marbella","paymentAccepted":"Efectivo, Financiaci\u00f3n, Tarjeta de d\u00e9bito\/cr\u00e9dito, Transferencia bancaria"},{"@type":"PostalAddress","@id":"https:\/\/renacimientomadrid.com\/promo#local-main-place-address","streetAddress":"Calle Pr\u00edncipe de Vergara 55, 1\u00baC","addressLocality":"Madrid","postalCode":"28006","addressRegion":"Comunidad de Madrid","addressCountry":"ES"},{"@type":"ImageObject","inLanguage":"en-GB","@id":"https:\/\/renacimientomadrid.com\/promo#local-main-organization-logo","url":"https:\/\/renacimientomadrid.com\/wp-content\/uploads\/2020\/05\/Logo-Clinica-Renacimiento-Madrid.png","contentUrl":"https:\/\/renacimientomadrid.com\/wp-content\/uploads\/2020\/05\/Logo-Clinica-Renacimiento-Madrid.png","width":155,"height":54,"caption":"Cl\u00ednica Renacimiento Madrid"}]},"geo.placename":"Madrid","geo.position":{"lat":"40.424108","long":"-3.6987307"},"geo.region":"Spain"},"_links":{"self":[{"href":"https:\/\/renacimientomadrid.com\/en\/wp-json\/wp\/v2\/pages\/14075","targetHints":{"allow":["GET"]}}],"collection":[{"href":"https:\/\/renacimientomadrid.com\/en\/wp-json\/wp\/v2\/pages"}],"about":[{"href":"https:\/\/renacimientomadrid.com\/en\/wp-json\/wp\/v2\/types\/page"}],"author":[{"embeddable":true,"href":"https:\/\/renacimientomadrid.com\/en\/wp-json\/wp\/v2\/users\/1"}],"replies":[{"embeddable":true,"href":"https:\/\/renacimientomadrid.com\/en\/wp-json\/wp\/v2\/comments?post=14075"}],"version-history":[{"count":0,"href":"https:\/\/renacimientomadrid.com\/en\/wp-json\/wp\/v2\/pages\/14075\/revisions"}],"wp:attachment":[{"href":"https:\/\/renacimientomadrid.com\/en\/wp-json\/wp\/v2\/media?parent=14075"}],"curies":[{"name":"wp","href":"https:\/\/api.w.org\/{rel}","templated":true}]}}